{"id":2,"date":"2025-12-21T08:28:05","date_gmt":"2025-12-21T07:28:05","guid":{"rendered":"https:\/\/creaarte.cultofilia.com\/?page_id=2"},"modified":"2025-12-23T21:35:23","modified_gmt":"2025-12-23T20:35:23","slug":"pagina-ejemplo","status":"publish","type":"page","link":"https:\/\/creaarte.cultofilia.com\/?page_id=2","title":{"rendered":"Creaarte.Cultofilia.com"},"content":{"rendered":"\n<p><strong>Creamos el escenario perfecto para que tus recuerdos florezcan para siempre<\/strong><\/p>\n\n\n\n<p>En el mundo de la decoraci\u00f3n floral, existen dos caminos: lo convencional y lo extraordinario. Si usted ha llegado hasta aqu\u00ed, es porque busca algo que trascienda lo com\u00fan. En nuestro taller, no solo trabajamos con p\u00e9talos y tallos; trabajamos con la resiliencia y la belleza ind\u00f3mita del desierto. Nos especializamos en transformar sus visiones m\u00e1s audaces en realidades tangibles, utilizando como materia prima la flora m\u00e1s rara, ex\u00f3tica y fascinante de las zonas \u00e1ridas del mundo.<\/p>\n","protected":false},"excerpt":{"rendered":"<p>Creamos el escenario perfecto para que tus recuerdos florezcan para siempre En el mundo de la decoraci\u00f3n floral, existen dos caminos: lo convencional y lo extraordinario. Si usted ha llegado hasta aqu\u00ed, es porque busca algo que trascienda lo com\u00fan. En nuestro taller, no solo trabajamos con p\u00e9talos y tallos; trabajamos con la resiliencia y<span class=\"post-excerpt-end\">&hellip;<\/span><\/p>\n<p class=\"more-link\"><a href=\"https:\/\/creaarte.cultofilia.com\/?page_id=2\" class=\"themebutton\">Leer m\u00e1s<\/a><\/p>\n","protected":false},"author":1,"featured_media":0,"parent":0,"menu_order":0,"comment_status":"closed","ping_status":"open","template":"","meta":{"footnotes":""},"class_list":["post-2","page","type-page","status-publish","hentry"],"_links":{"self":[{"href":"https:\/\/creaarte.cultofilia.com\/index.php?rest_route=\/wp\/v2\/pages\/2","targetHints":{"allow":["GET"]}}],"collection":[{"href":"https:\/\/creaarte.cultofilia.com\/index.php?rest_route=\/wp\/v2\/pages"}],"about":[{"href":"https:\/\/creaarte.cultofilia.com\/index.php?rest_route=\/wp\/v2\/types\/page"}],"author":[{"embeddable":true,"href":"https:\/\/creaarte.cultofilia.com\/index.php?rest_route=\/wp\/v2\/users\/1"}],"replies":[{"embeddable":true,"href":"https:\/\/creaarte.cultofilia.com\/index.php?rest_route=%2Fwp%2Fv2%2Fcomments&post=2"}],"version-history":[{"count":2,"href":"https:\/\/creaarte.cultofilia.com\/index.php?rest_route=\/wp\/v2\/pages\/2\/revisions"}],"predecessor-version":[{"id":24,"href":"https:\/\/creaarte.cultofilia.com\/index.php?rest_route=\/wp\/v2\/pages\/2\/revisions\/24"}],"wp:attachment":[{"href":"https:\/\/creaarte.cultofilia.com\/index.php?rest_route=%2Fwp%2Fv2%2Fmedia&parent=2"}],"curies":[{"name":"wp","href":"https:\/\/api.w.org\/{rel}","templated":true}]}}